{"id":109,"date":"2019-04-24T19:40:57","date_gmt":"2019-04-24T19:40:57","guid":{"rendered":"http:\/\/visiorob.com.br\/?page_id=109"},"modified":"2024-05-10T14:24:05","modified_gmt":"2024-05-10T14:24:05","slug":"projeto-ciclopes","status":"publish","type":"page","link":"https:\/\/visiorob.com.br\/index.php\/projeto-ciclopes\/","title":{"rendered":"Projeto Ciclopes"},"content":{"rendered":"\n<p>Por aqui voc\u00ea pode acompanhar o desenvolvimento do projeto Ciclopes<\/p>\n\n\n\n<ul class=\"wp-block-list\"><li><a href=\"https:\/\/visiorob.com.br\/index.php\/projeto-ciclopes\/2\/\">Controle das lampadas<\/a><\/li><li><a href=\"https:\/\/visiorob.com.br\/index.php\/projeto-ciclopes\/3\/\">Controle do volante<\/a><\/li><li><a href=\"https:\/\/visiorob.com.br\/index.php\/projeto-ciclopes\/4\/\">Controle da posi\u00e7\u00e3o da c\u00e2mera<\/a><\/li><li><a href=\"https:\/\/visiorob.com.br\/index.php\/projeto-ciclopes\/5\/\">Controle de tra\u00e7\u00e3o com diferencial eletr\u00f4nico<\/a><\/li><li><a href=\"https:\/\/visiorob.com.br\/index.php\/projeto-ciclopes\/6\/\">Controle de carga e recarga da bateria<\/a><\/li><li><a href=\"https:\/\/visiorob.com.br\/index.php\/projeto-ciclopes\/7\/\">Mec\u00e2nica<\/a><\/li><\/ul>\n\n\n\n<hr class=\"wp-block-separator\"\/>\n\n\n\n<!--nextpage-->\n\n\n\n<h3 class=\"wp-block-heading\">Controle das lampadas<\/h3>\n\n\n\n<p>Status do projeto: <strong>em andamento<\/strong>.<\/p>\n\n\n\n<p>O objetivo do controlador das lampadas \u00e9 permitir que o nosso rob\u00f4 possa fazer todas as sinaliza\u00e7\u00f5es que um ve\u00edculo de passeio comum. Assim, o Ciclopes ir\u00e1 possuir:<\/p>\n\n\n\n<ul class=\"wp-block-list\"><li>Tr\u00eas LEDs vermelhos de alto brilho na parte traseira, simulando as luzes de freio; <\/li><li>Dois LEDs amarelos difusos na frente, simulando seta esquerda e seta direita dianteiras;<\/li><li>Dois LEDs amarelos difusos na parte de tr\u00e1s, simulando seta esquerda e seta direita dianteiras;<\/li><li>Dois LEDs brancos difusos na parte da frente, sumulando os faroletes dianteiros;<\/li><li>Dois LEDs vermelhos difusos na parte de tr\u00e1s, simulando os faroletes traseiros;<\/li><li>Dois LEDs brancos de alto brilho na parte da frente, sumulando o farol.<\/li><\/ul>\n\n\n\n<hr class=\"wp-block-separator\"\/>\n\n\n\n<!--nextpage-->\n\n\n\n<h3 class=\"wp-block-heading\">Controle do volante<\/h3>\n\n\n\n<hr class=\"wp-block-separator\"\/>\n\n\n\n<!--nextpage-->\n\n\n\n<h3 class=\"wp-block-heading\">Controle da posi\u00e7\u00e3o da c\u00e2mera<\/h3>\n\n\n\n<hr class=\"wp-block-separator\"\/>\n\n\n\n<!--nextpage-->\n\n\n\n<h3 class=\"wp-block-heading\">Controle de tra\u00e7\u00e3o com diferencial eletr\u00f4nico<\/h3>\n\n\n\n<hr class=\"wp-block-separator\"\/>\n\n\n\n<!--nextpage-->\n\n\n\n<h3 class=\"wp-block-heading\">Controle de carga e recarga da bateria<\/h3>\n\n\n\n<hr class=\"wp-block-separator\"\/>\n\n\n\n<!--nextpage-->\n\n\n\n<h3 class=\"wp-block-heading\">Mec\u00e2nica<\/h3>\n\n\n\n<hr class=\"wp-block-separator\"\/>\n","protected":false},"excerpt":{"rendered":"<div class=\"mh-excerpt\"><p>Por aqui voc\u00ea pode acompanhar o desenvolvimento do projeto Ciclopes Controle das lampadas Controle do volante Controle da posi\u00e7\u00e3o da c\u00e2mera Controle de tra\u00e7\u00e3o com <a class=\"mh-excerpt-more\" href=\"https:\/\/visiorob.com.br\/index.php\/projeto-ciclopes\/\" title=\"Projeto Ciclopes\">[&#8230;]<\/a><\/p>\n<\/div>","protected":false},"author":1,"featured_media":0,"parent":0,"menu_order":0,"comment_status":"closed","ping_status":"closed","template":"","meta":{"om_disable_all_campaigns":false,"_monsterinsights_skip_tracking":false,"_monsterinsights_sitenote_active":false,"_monsterinsights_sitenote_note":"","_monsterinsights_sitenote_category":0,"footnotes":""},"class_list":["post-109","page","type-page","status-publish","hentry"],"aioseo_notices":[],"_links":{"self":[{"href":"https:\/\/visiorob.com.br\/index.php\/wp-json\/wp\/v2\/pages\/109","targetHints":{"allow":["GET"]}}],"collection":[{"href":"https:\/\/visiorob.com.br\/index.php\/wp-json\/wp\/v2\/pages"}],"about":[{"href":"https:\/\/visiorob.com.br\/index.php\/wp-json\/wp\/v2\/types\/page"}],"author":[{"embeddable":true,"href":"https:\/\/visiorob.com.br\/index.php\/wp-json\/wp\/v2\/users\/1"}],"replies":[{"embeddable":true,"href":"https:\/\/visiorob.com.br\/index.php\/wp-json\/wp\/v2\/comments?post=109"}],"version-history":[{"count":10,"href":"https:\/\/visiorob.com.br\/index.php\/wp-json\/wp\/v2\/pages\/109\/revisions"}],"predecessor-version":[{"id":141,"href":"https:\/\/visiorob.com.br\/index.php\/wp-json\/wp\/v2\/pages\/109\/revisions\/141"}],"wp:attachment":[{"href":"https:\/\/visiorob.com.br\/index.php\/wp-json\/wp\/v2\/media?parent=109"}],"curies":[{"name":"wp","href":"https:\/\/api.w.org\/{rel}","templated":true}]}}