{"id":14,"date":"2019-03-20T20:01:46","date_gmt":"2019-03-20T20:01:46","guid":{"rendered":"http:\/\/167.99.163.144\/?page_id=14"},"modified":"2019-05-03T13:51:06","modified_gmt":"2019-05-03T13:51:06","slug":"projetos","status":"publish","type":"page","link":"https:\/\/visiorob.com.br\/index.php\/projetos\/","title":{"rendered":"Projetos"},"content":{"rendered":"\n<p>Para conhecer um pouco sobre o grupo VisioRob, nada melhor do que apresentar os projetos que est\u00e3o sendo desenvolvidos.<\/p>\n\n\n\n<h3 class=\"wp-block-heading\">Projeto Ciclopes<\/h3>\n\n\n\n<p>O objetivo geral do projeto Ciclopes \u00e9 desenvolver rob\u00f4 para o estudo e simula\u00e7\u00e3o de ve\u00edculos aut\u00f4nomos.<\/p>\n\n\n\n<p>Status do projeto: <strong>em andamento<\/strong>.<\/p>\n\n\n\n<p>O rob\u00f4 que est\u00e1 sendo desenvolvido neste projeto ir\u00e1 utilizar apenas uma c\u00e2mera para observar o ambiente e tomar decis\u00f5es de locomo\u00e7\u00e3o. Da\u00ed o nome Projeto Ciclopes.<\/p>\n\n\n\n<p>Para a conclus\u00e3o do Ciclopes (o rob\u00f4) a equipe VisioRob est\u00e1 desenvolvendo todas as partes do rob\u00f4:<\/p>\n\n\n\n<ul class=\"wp-block-list\"><li>Controle das lampadas (farol, setas, freio);<\/li><li>Controle do volante (motor que ir\u00e1 apontar a dire\u00e7\u00e3o de locomo\u00e7\u00e3o);<\/li><li>Controle da posi\u00e7\u00e3o da c\u00e2mera (motor que ir\u00e1 permitir mudar a dire\u00e7\u00e3o da vis\u00e3o do rob\u00f4);<\/li><li>Controle de tra\u00e7\u00e3o com diferencial eletr\u00f4nico;<\/li><li>Controle de carga e recarga da bateria;<\/li><li>Mec\u00e2nica (chassi, eixos, barra de dire\u00e7\u00e3o).<\/li><\/ul>\n\n\n\n<p><a href=\"https:\/\/visiorob.com.br\/index.php\/projeto-ciclopes\/\">Aqui voc\u00ea pode saber mais sobre o Projeto Ciclopes e acompanhar o seu desenvolvimento.<\/a><\/p>\n\n\n\n<h3 class=\"wp-block-heading\">Projeto Colocando em Pr\u00e1tica o Aprendizado<\/h3>\n\n\n\n<p>O objetivo geral do Projeto Colocando em Pr\u00e1tica o Aprendizado \u00e9 fornecer um espa\u00e7o para que os alunos possam desenvolver, com a orienta\u00e7\u00e3o de um professor orientador e os laborat\u00f3rios de ensino, atividades de engenheiros no que diz respeito a idealiza\u00e7\u00e3o, elabora\u00e7\u00e3o, projeto e constru\u00e7\u00e3o de dispositivos idealizados por eles ou sugerido por um professor orientador.<\/p>\n\n\n\n<p>Status do projeto: <strong>em andamento<\/strong>.<\/p>\n\n\n\n<p>Dessa forma, os integrantes do Projeto Colocando em Pr\u00e1tica o Aprendizado tem realizado trabalhos de engenharia que auxiliam outros projetos.<\/p>\n\n\n\n<p><a href=\"https:\/\/visiorob.com.br\/index.php\/projeto-colocando-em-pratica-o-aprendizado\/\">Aqui voc\u00ea pode saber mais sobre o Projeto Colocando em Pr\u00e1tica o Aprendizado e acompanhar o seu desenvolvimento.<\/a><\/p>\n\n\n\n<h3 class=\"wp-block-heading\"> Fabrica\u00e7\u00e3o de PCB<\/h3>\n\n\n\n<p>O objetivo geral do Projeto Fabrica\u00e7\u00e3o de PCB \u00e9 fornecer um espa\u00e7o que permitam ser fabricados placas de circuitos impressos (PCB \u2013 <em>Printed Circuit Board<\/em>) para atender os projetos do Grupo VisioRob e de seus parceiros.<\/p>\n\n\n\n<p>Status do projeto: <strong>em andamento<\/strong>.<\/p>\n\n\n\n<p><a href=\"https:\/\/visiorob.com.br\/index.php\/projeto-fabricacao-de-pcb\/\">Aqui voc\u00ea pode saber mais sobre o Projeto Colocando em Pr\u00e1tica o Aprendizado e acompanhar o seu desenvolvimento.<\/a><\/p>\n","protected":false},"excerpt":{"rendered":"<div class=\"mh-excerpt\"><p>Para conhecer um pouco sobre o grupo VisioRob, nada melhor do que apresentar os projetos que est\u00e3o sendo desenvolvidos. Projeto Ciclopes O objetivo geral do <a class=\"mh-excerpt-more\" href=\"https:\/\/visiorob.com.br\/index.php\/projetos\/\" title=\"Projetos\">[&#8230;]<\/a><\/p>\n<\/div>","protected":false},"author":1,"featured_media":0,"parent":0,"menu_order":0,"comment_status":"closed","ping_status":"closed","template":"","meta":{"om_disable_all_campaigns":false,"_monsterinsights_skip_tracking":false,"_monsterinsights_sitenote_active":false,"_monsterinsights_sitenote_note":"","_monsterinsights_sitenote_category":0,"footnotes":""},"class_list":["post-14","page","type-page","status-publish","hentry"],"aioseo_notices":[],"_links":{"self":[{"href":"https:\/\/visiorob.com.br\/index.php\/wp-json\/wp\/v2\/pages\/14","targetHints":{"allow":["GET"]}}],"collection":[{"href":"https:\/\/visiorob.com.br\/index.php\/wp-json\/wp\/v2\/pages"}],"about":[{"href":"https:\/\/visiorob.com.br\/index.php\/wp-json\/wp\/v2\/types\/page"}],"author":[{"embeddable":true,"href":"https:\/\/visiorob.com.br\/index.php\/wp-json\/wp\/v2\/users\/1"}],"replies":[{"embeddable":true,"href":"https:\/\/visiorob.com.br\/index.php\/wp-json\/wp\/v2\/comments?post=14"}],"version-history":[{"count":13,"href":"https:\/\/visiorob.com.br\/index.php\/wp-json\/wp\/v2\/pages\/14\/revisions"}],"predecessor-version":[{"id":237,"href":"https:\/\/visiorob.com.br\/index.php\/wp-json\/wp\/v2\/pages\/14\/revisions\/237"}],"wp:attachment":[{"href":"https:\/\/visiorob.com.br\/index.php\/wp-json\/wp\/v2\/media?parent=14"}],"curies":[{"name":"wp","href":"https:\/\/api.w.org\/{rel}","templated":true}]}}