{"id":2,"date":"2019-03-20T19:24:18","date_gmt":"2019-03-20T19:24:18","guid":{"rendered":"http:\/\/167.99.163.144\/?page_id=2"},"modified":"2019-04-24T18:23:57","modified_gmt":"2019-04-24T18:23:57","slug":"grupo-visiorob","status":"publish","type":"page","link":"https:\/\/visiorob.com.br\/index.php\/grupo-visiorob\/","title":{"rendered":"VisioRob"},"content":{"rendered":"\n<p>O Grupo VisioRob \u00e9 um grupo surgiu com a motiva\u00e7\u00e3o no desenvolvimento de pesquisa e equipamentos relacionados \u00e0s \u00e1reas de Vis\u00e3o Computacional e de Rob\u00f3tica.<\/p>\n\n\n\n<p>Assim, o objetivo do site do Grupo VisioRob \u00e9 de divulgara informa\u00e7\u00f5es do desenvolvimento dos seus projetos.<\/p>\n\n\n\n<p>Dessa forma, neste site ser\u00e3o apresentados conte\u00fado de qualidade e repetibilidade nas \u00e1reas de <strong>vis\u00e3o computacional<\/strong> e <strong>rob\u00f3tica<\/strong>. Para isso este site tamb\u00e9m ir\u00e1 apresentar conte\u00fados das \u00e1reas de instrumenta\u00e7\u00e3o, comunica\u00e7\u00e3o de dados e eletr\u00f4nica em geral.<br><\/p>\n\n\n\n<p>Atualmente o grupo VisioRob \u00e9 coordenado pelo Professor Doutor Marcelo Lemos Rossi que tamb\u00e9m atua como o editor chefe do site VisioRob.<\/p>\n","protected":false},"excerpt":{"rendered":"<div class=\"mh-excerpt\"><p>O Grupo VisioRob \u00e9 um grupo surgiu com a motiva\u00e7\u00e3o no desenvolvimento de pesquisa e equipamentos relacionados \u00e0s \u00e1reas de Vis\u00e3o Computacional e de Rob\u00f3tica. <a class=\"mh-excerpt-more\" href=\"https:\/\/visiorob.com.br\/index.php\/grupo-visiorob\/\" title=\"VisioRob\">[&#8230;]<\/a><\/p>\n<\/div>","protected":false},"author":1,"featured_media":0,"parent":0,"menu_order":0,"comment_status":"closed","ping_status":"open","template":"","meta":{"om_disable_all_campaigns":false,"_monsterinsights_skip_tracking":false,"_monsterinsights_sitenote_active":false,"_monsterinsights_sitenote_note":"","_monsterinsights_sitenote_category":0,"footnotes":""},"class_list":["post-2","page","type-page","status-publish","hentry"],"aioseo_notices":[],"_links":{"self":[{"href":"https:\/\/visiorob.com.br\/index.php\/wp-json\/wp\/v2\/pages\/2","targetHints":{"allow":["GET"]}}],"collection":[{"href":"https:\/\/visiorob.com.br\/index.php\/wp-json\/wp\/v2\/pages"}],"about":[{"href":"https:\/\/visiorob.com.br\/index.php\/wp-json\/wp\/v2\/types\/page"}],"author":[{"embeddable":true,"href":"https:\/\/visiorob.com.br\/index.php\/wp-json\/wp\/v2\/users\/1"}],"replies":[{"embeddable":true,"href":"https:\/\/visiorob.com.br\/index.php\/wp-json\/wp\/v2\/comments?post=2"}],"version-history":[{"count":9,"href":"https:\/\/visiorob.com.br\/index.php\/wp-json\/wp\/v2\/pages\/2\/revisions"}],"predecessor-version":[{"id":100,"href":"https:\/\/visiorob.com.br\/index.php\/wp-json\/wp\/v2\/pages\/2\/revisions\/100"}],"wp:attachment":[{"href":"https:\/\/visiorob.com.br\/index.php\/wp-json\/wp\/v2\/media?parent=2"}],"curies":[{"name":"wp","href":"https:\/\/api.w.org\/{rel}","templated":true}]}}