{"id":227,"date":"2019-05-03T12:42:31","date_gmt":"2019-05-03T12:42:31","guid":{"rendered":"http:\/\/visiorob.com.br\/?page_id=227"},"modified":"2019-05-03T12:42:39","modified_gmt":"2019-05-03T12:42:39","slug":"projeto-colocando-em-pratica-o-aprendizado","status":"publish","type":"page","link":"https:\/\/visiorob.com.br\/index.php\/projeto-colocando-em-pratica-o-aprendizado\/","title":{"rendered":"Projeto Colocando em Pr\u00e1tica o Aprendizado"},"content":{"rendered":"\n<p>Os alunos dos cursos de engenharia possuem a necessidade de \nexpressar, na pr\u00e1tica, os assuntos vistos nas disciplinas te\u00f3ricas para \nque eles possam assimilar o conhecimento. Apesar das disciplinas \npr\u00e1ticas apresentarem de forma local esses assuntos, elas n\u00e3o est\u00e3o tem \nsido suficiente para motivar o aprendizado dos alunos. Dessa forma, esse\n projeto tenta fazer com que os alunos interajam com as diversas \ndisciplinas te\u00f3ricas e pr\u00e1ticas na cria\u00e7\u00e3o de dispositivos e \nequipamentos diminuindo a evas\u00e3o e possibilitando um melhor aprendizado,\n baseado nos tr\u00eas conceitos: Aprendizado em grupo, despertando o \ninteresse no curso de engenharia e visualiza\u00e7\u00e3o pratica dos temas \nte\u00f3ricos.<\/p>\n\n\n\n<p>Fornecer\num espa\u00e7o para que os alunos possam desenvolver, com a orienta\u00e7\u00e3o\nde um professor orientador e os laborat\u00f3rios de ensino, atividades\nde engenheiros no que diz respeito a idealiza\u00e7\u00e3o, elabora\u00e7\u00e3o,\nprojeto e constru\u00e7\u00e3o de dispositivos idealizados por eles ou\nsugerido por um professor orientador.<\/p>\n\n\n\n<p>Nesse espa\u00e7o, os alunos tamb\u00e9m poder\u00e3o compartilhar entre eles seus sucessos e fracassos permitindo um crescimento coletivo e distribui\u00e7\u00e3o do conhecimento.<\/p>\n\n\n\n<p>Neste momento a equipe do Projeto Colocando em Pr\u00e1tica o Aprendizado est\u00e3o trabalhando em apoio ao <a href=\"https:\/\/visiorob.com.br\/index.php\/projeto-ciclopes\/\">Projeto Ciclopes<\/a>.<\/p>\n","protected":false},"excerpt":{"rendered":"<div class=\"mh-excerpt\"><p>Os alunos dos cursos de engenharia possuem a necessidade de expressar, na pr\u00e1tica, os assuntos vistos nas disciplinas te\u00f3ricas para que eles possam assimilar o <a class=\"mh-excerpt-more\" href=\"https:\/\/visiorob.com.br\/index.php\/projeto-colocando-em-pratica-o-aprendizado\/\" title=\"Projeto Colocando em Pr\u00e1tica o Aprendizado\">[&#8230;]<\/a><\/p>\n<\/div>","protected":false},"author":1,"featured_media":0,"parent":0,"menu_order":0,"comment_status":"closed","ping_status":"closed","template":"","meta":{"om_disable_all_campaigns":false,"_monsterinsights_skip_tracking":false,"_monsterinsights_sitenote_active":false,"_monsterinsights_sitenote_note":"","_monsterinsights_sitenote_category":0,"footnotes":""},"class_list":["post-227","page","type-page","status-publish","hentry"],"aioseo_notices":[],"_links":{"self":[{"href":"https:\/\/visiorob.com.br\/index.php\/wp-json\/wp\/v2\/pages\/227","targetHints":{"allow":["GET"]}}],"collection":[{"href":"https:\/\/visiorob.com.br\/index.php\/wp-json\/wp\/v2\/pages"}],"about":[{"href":"https:\/\/visiorob.com.br\/index.php\/wp-json\/wp\/v2\/types\/page"}],"author":[{"embeddable":true,"href":"https:\/\/visiorob.com.br\/index.php\/wp-json\/wp\/v2\/users\/1"}],"replies":[{"embeddable":true,"href":"https:\/\/visiorob.com.br\/index.php\/wp-json\/wp\/v2\/comments?post=227"}],"version-history":[{"count":1,"href":"https:\/\/visiorob.com.br\/index.php\/wp-json\/wp\/v2\/pages\/227\/revisions"}],"predecessor-version":[{"id":229,"href":"https:\/\/visiorob.com.br\/index.php\/wp-json\/wp\/v2\/pages\/227\/revisions\/229"}],"wp:attachment":[{"href":"https:\/\/visiorob.com.br\/index.php\/wp-json\/wp\/v2\/media?parent=227"}],"curies":[{"name":"wp","href":"https:\/\/api.w.org\/{rel}","templated":true}]}}