{"id":232,"date":"2019-05-03T13:50:43","date_gmt":"2019-05-03T13:50:43","guid":{"rendered":"http:\/\/visiorob.com.br\/?page_id=232"},"modified":"2019-05-03T13:50:43","modified_gmt":"2019-05-03T13:50:43","slug":"projeto-fabricacao-de-pcb","status":"publish","type":"page","link":"https:\/\/visiorob.com.br\/index.php\/projeto-fabricacao-de-pcb\/","title":{"rendered":"Projeto Fabrica\u00e7\u00e3o de PCB"},"content":{"rendered":"\n<p>O objetivo geral do Projeto Fabrica\u00e7\u00e3o de PCB \u00e9 fornecer um espa\u00e7o que  permitam ser fabricados placas de circuitos impressos (PCB \u2013 <em>Printed Circuit Board<\/em>) para atender os projetos do Grupo VisioRob e de seus parceiros.<\/p>\n\n\n\n<p>O processo de fabrica\u00e7\u00e3o de PCB caseiro leva a resultados de qualidade muito inferior do processo industrial, o que pode prejudicar o resultado final, decepcionando o projetista. Al\u00e9m do mais, os cursos, normalmente, n\u00e3o oferecem disciplinas voltadas \u00e0 disposi\u00e7\u00e3o dos componentes nas placas e nem dos problemas que escolhas malfeitas podem influenciar no sucesso da PCB.<\/p>\n\n\n\n<p>Dessa forma, este projeto prop\u00f5e a cria\u00e7\u00e3o de um ambiente para atender os projetos do Grupo VisioRob e de seus parceiros durante a fabrica\u00e7\u00e3o de PCB com uma qualidade que se aproxima do processo industrial e orienta\u00e7\u00f5es para o processo da escolha do posicionamento dos componentes eletr\u00f4nicos.<\/p>\n\n\n\n<p>Atualmente os integrantes dos Projeto Fabrica\u00e7\u00e3o de PCB tem desenvolvido atividades de fabrica\u00e7\u00e3o de placas de circuitos impresso e desenvolvimento de novos equipamentos (a exemplo, uma CNC para placas fresadas).<\/p>\n","protected":false},"excerpt":{"rendered":"<div class=\"mh-excerpt\"><p>O objetivo geral do Projeto Fabrica\u00e7\u00e3o de PCB \u00e9 fornecer um espa\u00e7o que permitam ser fabricados placas de circuitos impressos (PCB \u2013 Printed Circuit Board) <a class=\"mh-excerpt-more\" href=\"https:\/\/visiorob.com.br\/index.php\/projeto-fabricacao-de-pcb\/\" title=\"Projeto Fabrica\u00e7\u00e3o de PCB\">[&#8230;]<\/a><\/p>\n<\/div>","protected":false},"author":1,"featured_media":0,"parent":0,"menu_order":0,"comment_status":"closed","ping_status":"closed","template":"","meta":{"om_disable_all_campaigns":false,"_monsterinsights_skip_tracking":false,"_monsterinsights_sitenote_active":false,"_monsterinsights_sitenote_note":"","_monsterinsights_sitenote_category":0,"footnotes":""},"class_list":["post-232","page","type-page","status-publish","hentry"],"aioseo_notices":[],"_links":{"self":[{"href":"https:\/\/visiorob.com.br\/index.php\/wp-json\/wp\/v2\/pages\/232","targetHints":{"allow":["GET"]}}],"collection":[{"href":"https:\/\/visiorob.com.br\/index.php\/wp-json\/wp\/v2\/pages"}],"about":[{"href":"https:\/\/visiorob.com.br\/index.php\/wp-json\/wp\/v2\/types\/page"}],"author":[{"embeddable":true,"href":"https:\/\/visiorob.com.br\/index.php\/wp-json\/wp\/v2\/users\/1"}],"replies":[{"embeddable":true,"href":"https:\/\/visiorob.com.br\/index.php\/wp-json\/wp\/v2\/comments?post=232"}],"version-history":[{"count":2,"href":"https:\/\/visiorob.com.br\/index.php\/wp-json\/wp\/v2\/pages\/232\/revisions"}],"predecessor-version":[{"id":236,"href":"https:\/\/visiorob.com.br\/index.php\/wp-json\/wp\/v2\/pages\/232\/revisions\/236"}],"wp:attachment":[{"href":"https:\/\/visiorob.com.br\/index.php\/wp-json\/wp\/v2\/media?parent=232"}],"curies":[{"name":"wp","href":"https:\/\/api.w.org\/{rel}","templated":true}]}}